{"id":120,"date":"2020-09-29T14:05:18","date_gmt":"2020-09-29T12:05:18","guid":{"rendered":"http:\/\/www.hausbrunn.at\/wp\/?page_id=120"},"modified":"2023-08-30T12:34:43","modified_gmt":"2023-08-30T10:34:43","slug":"orts-chronik","status":"publish","type":"page","link":"http:\/\/www.hausbrunn.at\/wpo\/orts-chronik\/","title":{"rendered":"Ortschronik"},"content":{"rendered":"\r\n<figure class=\"wp-block-table is-style-stripes\">\r\n<table>\r\n<tbody>\r\n<tr>\r\n<td><strong>1195<\/strong><\/td>\r\n<td>Erste urkundliche Erw\u00e4hnung <strong><em>&#8222;Hugesprunne&#8220; <\/em><\/strong>in den &#8222;Necrologia Germaniae&#8220; des Stiftes Klosterneuburg<\/td>\r\n<\/tr>\r\n<tr>\r\n<td><strong>1341<\/strong><\/td>\r\n<td>Urkunde Nr. 486 aus dem Hochstift Passau, Bayrisches Staatsarchiv. Erw\u00e4hnung des Ortes <strong><em>&#8222;Hawsprun&#8220;<\/em><\/strong><\/td>\r\n<\/tr>\r\n<tr>\r\n<td><strong>1367<\/strong><\/td>\r\n<td>Am 4.6. verkauft Ortolf v. Wolchenstorf an David Streuzz, dem &#8222;Juden zu Wien&#8220;, Sohn Hennleins von Klosterneuburg, G\u00fcter zu Poystorff, Alten Liechtenwart, &#8222;Hausprunne&#8220; und Ringleinstorff. Er verkaufte auch solche zu <strong>Hausbrunn<\/strong>, die wahrscheinlich freies Eigen waren.<\/td>\r\n<\/tr>\r\n<tr>\r\n<td><strong>1378<\/strong><\/td>\r\n<td>Am 20.12. kauft Johann I. von Liechtenstein von Nikolsburg, Hofmeister Herzog Albrecht III. von Ulrich von Zistersdorf ein Liechtensteinisches Lehen zu <strong>Hausbrunn<\/strong> um 30 Pfund Wiener Pfennige.<\/td>\r\n<\/tr>\r\n<tr>\r\n<td><strong>1380<\/strong><\/td>\r\n<td>Am 24. Mai gibt Wernhart von Mai\u00dfau, oberster Marschall, dem Prawe (Praun-Bruno), dem Weidner von Hohenau um seiner Dienste willen neun ganze Lehen zu Hohenaw und ein Fischwasser dasselbst und ein Pfund Geldes, gelegen auf \u00dcberland\u00e4ckern zu <strong>Hawsprun<\/strong>. Gesiegelt von Wernhart von Mai\u00dfau, seinen Bruder Chunrat und dem Schwager Ulrich von Seltau.<\/td>\r\n<\/tr>\r\n<tr>\r\n<td><strong>1384<\/strong><\/td>\r\n<td>Johann I. von Liechtenstein kauft von den Br\u00fcdern Johann und Albert, den Volkesstorffern, deren Viertel an der Feste und dem Markt zu Mistelbach und an den G\u00fctern zu Rotenlaim, Wukkendorf, <strong>Hausbrunn<\/strong>, Liechtenwart, Hadersdorf, Rankenleiten und Hirschenau um 700 Pfund Wiener Pfennige. Siegler sind au\u00dfer den Verk\u00e4ufern ihr Oheim Stefan von Zelking, dessen Bruder Heinrich von Zelking, Rudolf von Waltse und Hans von Mai\u00dfau ihr Schwager.<\/td>\r\n<\/tr>\r\n<tr>\r\n<td><strong>1385<\/strong><\/td>\r\n<td>Heinrich der Chlammer kauft Besitzungen u.a. zu <strong>Hausbrunn<\/strong> und gibt sie am 2.6.1385 an die Br\u00fcder Konrad, Hans und Erasmus den Friedvergen (Friedbergen) zu Lehen.<\/td>\r\n<\/tr>\r\n<tr>\r\n<td><strong>1394<\/strong><\/td>\r\n<td>17. J\u00e4nner &#8211; Johann I. von Liechtenstein von Nikolsburg, Hofmeister Herzog Albrechts III., tauscht von Johann von Maissau, oberster Schenk in \u00d6sterreich, verschiedene G\u00fclten und G\u00fcter, gelegen zu Hohenau, <strong>Hausbrunn<\/strong>, Rotenlaim und Chundorf (W\u00fcstung) ein, gegen G\u00fclten und G\u00fcter in Chundorf, Pfarre Ranoldsbach (Ravelsbach).<\/td>\r\n<\/tr>\r\n<tr>\r\n<td><strong>1404<\/strong><\/td>\r\n<td>Am 13. Oktober stellt Friedrich der Frauensch\u00fchel einen Kaufbrief \u00fcber Lehen in Dobermannsdorf, <strong>Hausbrunn<\/strong>, Ringelsdorf und Neulichtenwarth (St. Ulrich) f\u00fcr seinen Vetter Niklas von Zistersdorf aus.<\/td>\r\n<\/tr>\r\n<tr>\r\n<td><strong>1423<\/strong><\/td>\r\n<td>Am 2. Juni gibt Wilhelm der Toppell dem Edlen Michael Pentz auf seine Bitten 7 Pfund Wiener Pfennig Geld zu <strong>Hausbrunn<\/strong> auf behausten Gut zu Lehen.<\/td>\r\n<\/tr>\r\n<tr>\r\n<td><strong>1645<\/strong><\/td>\r\n<td>Im Zuge der Schwedenkriege wird <strong>Hausbrunn<\/strong> verw\u00fcstet. Laut Totenprotokoll 1645\/46 der Pfarre Altlichtenwarth\/Hausbrunn kommen 309 Personen ums Leben.<\/td>\r\n<\/tr>\r\n<tr>\r\n<td><strong>1713<\/strong><\/td>\r\n<td>Durch den Wiener Siechenknecht Georg KALSER wird in <strong>Hausbrunn<\/strong> die Pest eingeschleppt. Die Seuche dauerte 14 Wochen und forderte 98 Tote.<\/td>\r\n<\/tr>\r\n<tr>\r\n<td><strong>1716<\/strong><\/td>\r\n<td>In einer Karte der N\u00d6 Landesregierung (Gemeinden in N\u00d6) wird <strong>Hausbrunn<\/strong> bereits 1716 als Markt gef\u00fchrt.<\/td>\r\n<\/tr>\r\n<tr>\r\n<td><strong>1718<\/strong><\/td>\r\n<td>An Stelle einer alten, bauf\u00e4lligen Kapelle wird die Kirche errichtet und am 15. Juni geweiht.<\/td>\r\n<\/tr>\r\n<tr>\r\n<td><strong>1724<\/strong><\/td>\r\n<td>Aufgrund eines heftigen Sturmes f\u00e4llt der Kirchturm um und mu\u00df neu aufgebaut werden.<\/td>\r\n<\/tr>\r\n<tr>\r\n<td><strong>1726<\/strong><\/td>\r\n<td>Am 18. Mai werden die drei Alt\u00e4re geweiht : Hochaltar &#8211; Hl. Vitus, Evangelienaltar &#8211; Maria und Epistelaltar &#8211; Kreuz<\/td>\r\n<\/tr>\r\n<tr>\r\n<td><strong>1783<\/strong><\/td>\r\n<td>Erhebung zur Pfarre mittels Hofdekret vom 20. Juli<\/td>\r\n<\/tr>\r\n<tr>\r\n<td><strong>1801<\/strong><\/td>\r\n<td>Errichtung der Kirchenstiegen<\/td>\r\n<\/tr>\r\n<\/tbody>\r\n<\/table>\r\n<\/figure>\r\n\r\n\r\n\r\n<figure class=\"wp-block-table is-style-stripes\">\r\n<table>\r\n<tbody>\r\n<tr>\r\n<td><strong>1807<\/strong><\/td>\r\n<td>Am 15.3. wird <strong><em>GOTTFRIED VON PREYER<\/em><\/strong>\u00a0 geboren<\/td>\r\n<td><img style=\"width: 3000px;\" src=\"http:\/\/www.hausbrunn.at\/images\/preyerjung.jpg\" alt=\"\" \/><\/td>\r\n<\/tr>\r\n<tr>\r\n<td><strong>1819<br \/><\/strong><\/td>\r\n<td>Am 9. Juli verleiht Kaiser Franz I. der Marktgemeinde das Recht vierzehn Tage nach Ostern und am 4. September allj\u00e4hrlich einen Jahrmarkt abzuhalten.<\/td>\r\n<td>\u00a0<\/td>\r\n<\/tr>\r\n<tr>\r\n<td><strong>1841<\/strong><\/td>\r\n<td><em><strong>Leopold KUPPELWIESER, <\/strong><\/em>Prof. der Malerei an der k.k. Akademie der bildenden K\u00fcnste,\u00a0 malt das Altarbild des Hl. Vitus in der Pfarrkirche Hausbrunn<\/td>\r\n<td><img loading=\"lazy\" src=\"http:\/\/www.hausbrunn.at\/images\/kuppelwieser.jpg\" alt=\"\" width=\"154\" height=\"268\" \/><\/td>\r\n<\/tr>\r\n<tr>\r\n<td><strong>1844<\/strong><\/td>\r\n<td>Auf das alte Schulgeb\u00e4ude (165) wird ein Stockwerk gebaut.<\/td>\r\n<td>\u00a0<\/td>\r\n<\/tr>\r\n<tr>\r\n<td><strong>1849<\/strong><\/td>\r\n<td>Am 4. M\u00e4rz wird laut Kaiserl. Reichsverfassung der Marktgemeinde <strong>Hausbrunn<\/strong> die Selbstst\u00e4ndigkeit anerkannt.<\/td>\r\n<td>\u00a0<\/td>\r\n<\/tr>\r\n<tr>\r\n<td><strong>1852<\/strong><\/td>\r\n<td>Stra\u00dfe nach Hohenau wird gebaut<\/td>\r\n<td>\u00a0<\/td>\r\n<\/tr>\r\n<tr>\r\n<td><strong>1874<\/strong><\/td>\r\n<td>Postamt mit Fahrpost wird in der Bahnstra\u00dfe eingerichtet<\/td>\r\n<td>\u00a0<\/td>\r\n<\/tr>\r\n<tr>\r\n<td><strong>1885<\/strong><\/td>\r\n<td>Am 27. Oktober wird das neu errichtete Volksschulgeb\u00e4ude geweiht<\/td>\r\n<td>\u00a0<\/td>\r\n<\/tr>\r\n<tr>\r\n<td><strong>1896<\/strong><\/td>\r\n<td>Gr\u00fcndung der Freiwilligen Feuerwehr<\/td>\r\n<td>\u00a0<\/td>\r\n<\/tr>\r\n<tr>\r\n<td><strong>1901<br \/><\/strong><\/td>\r\n<td>Am 9. Mai verstirbt Gottfried von Preyer in Wien als lediger und verm\u00f6gender Mann. Er hatte im Laufe seines Lebens viele Titel und Ehrungen erhalten &#8211;\u00a0 kaiserl. Rat, k.k. Vizehofkapellmeister i.P., Commandeurs des p\u00e4pstl. Sylvester Ordens, Ritter des Franz Josef Ordens und des p\u00e4pstl. Gregorius Ordens sowie Mitglied vieler Tonk\u00fcnstler- und humanit\u00e4rer Vereine. Am 21.1.1894 wird Gottfried v. Preyer in den Adelsstand erhoben. In seinem Nachlass hatte er\u00a0 festgelegt, dass aus seinem Verm\u00f6gen ein Kinderspital errichtet werden soll. (Preyer\u00b4sches Kinderspital in 1100 Wien)<\/td>\r\n<td>\u00a0<\/td>\r\n<\/tr>\r\n<tr>\r\n<td><strong>1907<\/strong><\/td>\r\n<td>Am 7. Mai wird die Bahnstrecke Dobermannsdorf &#8211; Poysdorf \u00fcber Hausbrunn er\u00f6ffnet.<\/td>\r\n<td><img loading=\"lazy\" src=\"http:\/\/www.hausbrunn.at\/images\/bahnhof.jpg\" alt=\"\" width=\"314\" height=\"214\" \/><\/td>\r\n<\/tr>\r\n<tr>\r\n<td><strong>1917<br \/><\/strong><\/td>\r\n<td>Ablieferung der Glocken aus dem Kirchturm &#8211; die gro\u00dfe Glocke aus dem Jahre 1827, die Elfuhrglocke aus dem Jahre 1800 und am 9. Juli die Sterbeglocke aus dem Jahre 1815<\/td>\r\n<td>\u00a0<\/td>\r\n<\/tr>\r\n<tr>\r\n<td><strong>1927<\/strong><\/td>\r\n<td>Am 22. September wird die Telefonstation er\u00f6ffnet<\/td>\r\n<td>\u00a0<\/td>\r\n<\/tr>\r\n<tr>\r\n<td><strong>1928<\/strong><\/td>\r\n<td>Die Elektrifizierung des Ortes wird am 9. April begonnen.<\/td>\r\n<td>\u00a0<\/td>\r\n<\/tr>\r\n<tr>\r\n<td><strong>1930<\/strong><\/td>\r\n<td>Der Freskenmaler Engelbert Daringer aus O\u00d6 bemalt die Decken der Pfarrkirche.<\/td>\r\n<td>\u00a0<\/td>\r\n<\/tr>\r\n<tr>\r\n<td><strong>1935<\/strong><\/td>\r\n<td>Der akadem. Bildhauer Josef Furthner gestaltet die Seitenalt\u00e4re der Pfarrkiche Hausbrunn.<\/td>\r\n<td>\u00a0<\/td>\r\n<\/tr>\r\n<tr>\r\n<td><strong>1943<\/strong><\/td>\r\n<td>Am 27. Februar wird die letzte Bronzeglocke der Kirche aus dem Jahre 1656 abgeholt.<\/td>\r\n<td>\u00a0<\/td>\r\n<\/tr>\r\n<tr>\r\n<td><strong>1949<\/strong><\/td>\r\n<td>Die Gemeinde <strong>Hausbrunn<\/strong> erwirbt das heutige Rathausgeb\u00e4ude.<\/td>\r\n<td>\u00a0<\/td>\r\n<\/tr>\r\n<tr>\r\n<td><strong>1955<\/strong><\/td>\r\n<td>Zubau des Hauptschultraktes zum Schulgeb\u00e4ude<\/td>\r\n<td>\u00a0<\/td>\r\n<\/tr>\r\n<tr>\r\n<td><strong>1967<\/strong><\/td>\r\n<td>Errichtung neuer Kirchenstiegen<\/td>\r\n<td>\u00a0<\/td>\r\n<\/tr>\r\n<tr>\r\n<td><strong>1969<\/strong><\/td>\r\n<td>Selbstw\u00e4hlfernverkehr wird eingerichtet<\/td>\r\n<td>\u00a0<\/td>\r\n<\/tr>\r\n<tr>\r\n<td><strong>1977<\/strong><\/td>\r\n<td>Die Raiffeisenkasse \u00fcbersiedelt vom Rathaus in das heutige Geb\u00e4ude an\u00a0der Hauptstra\u00dfe 23.<\/td>\r\n<td><img style=\"width: 4000px;\" src=\"http:\/\/www.hausbrunn.at\/images\/raika.jpg\" alt=\"\" \/><\/td>\r\n<\/tr>\r\n<tr>\r\n<td><strong>1983<\/strong><\/td>\r\n<td>Am 27.6. \u00fcbersiedelt die Post in das neue Geb\u00e4ude an der Hauptstra\u00dfe 17.<\/td>\r\n<td>\u00a0<\/td>\r\n<\/tr>\r\n<tr>\r\n<td><strong>1992<\/strong><\/td>\r\n<td>Er\u00f6ffnung des neuen Kindergartens in der Bahnstra\u00dfe.<\/td>\r\n<td>\u00a0<\/td>\r\n<\/tr>\r\n<tr>\r\n<td><strong>1995<\/strong><\/td>\r\n<td>Der Gemeinderat beschlie\u00dft den Ankauf von Grundst\u00fccken f\u00fcr die Weiterf\u00fchrung der Waldsiedlung. Der Stra\u00dfenverlauf der Hohenauerstra\u00dfe und die B\u00f6schung daneben werden neu gestaltet. In der Volksschule (Eingang rechts) wird der Fu\u00dfboden erneuert. Im Friedhof wird das Kreuz in der Mitte erneuert. Die Zivilschutzkeller am Kirchenberg werden teilweise saniert. F\u00fcr die bessere Koordinierung der Termine wird am Jahresende ein Veranstaltungskalender f\u00fcr das n\u00e4chste Jahr erstellt. Die Gemeinde erstellt unter Mitwirkung der Vereine einen Jahresr\u00fcckblick in Form einer Zeitung.<\/td>\r\n<td>\u00a0<\/td>\r\n<\/tr>\r\n<tr>\r\n<td><strong>1996<\/strong><\/td>\r\n<td>Die Wasserleitung und Kanaleinbauten werden in der erweiterten Waldsiedlung verlegt. Hochwasserschutzma\u00dfnahmen in Richtung Kirchenberg und Edenberg werden gesetzt. Der M\u00fcllstadl wird renoviert f\u00fcr die Lagerung des Streusplitts. Die Alte Post wird f\u00fcr die Jugend hergerichtet. Die Sanierung des Schulgeb\u00e4udes wird begonnen mit der Renovierung der Au\u00dfenfassade am \u00e4ltesten Teil des Geb\u00e4udes. Der Feldweg zur ehemaligen Bauschuttdeponie wird renoviert. Die Freiwillige Feuerwehr feiert ihr 100-j\u00e4hriges Bestehen.<\/td>\r\n<td>\u00a0<\/td>\r\n<\/tr>\r\n<tr>\r\n<td><strong>1997<\/strong><\/td>\r\n<td>Das Jugendzentrum in der Alten Post wird eingerichtet. Der Kindergarten in Hausbrunn bleibt trotz Kostenbeitrag des Landes weiterhin kostenfrei. Im Rathaus wird ein neues Eingangstor angekauft. Die Gemeinde kauft neben der Schule das Grundst\u00fcck der Fam. Schweinberger zum Bau eines Turnsaales. Die Feuerwehr erh\u00e4lt eine neues Kleinl\u00f6schfahrzeug. Beim M\u00fcllstadl wird der Au\u00dfenputz erneuert. In der Bahnstra\u00dfe wird durch die Gemeinde eine Arztordination errichtet. In der Adventszeit wird der 1. Hausbrunner Advent veranstaltet.<\/td>\r\n<td><img loading=\"lazy\" src=\"http:\/\/www.hausbrunn.at\/images\/arzthaus.jpg\" alt=\"\" width=\"242\" height=\"168\" \/><\/td>\r\n<\/tr>\r\n<tr>\r\n<td><strong>1998<\/strong><\/td>\r\n<td>Beim Rathaus wird die Fassade renoviert. Die Friedhofsmauer wird frisch verputzt. Das Dach beim M\u00fcllstadl wird erneuert. In der Schule werden die Fenster an der Nordseite erneuert. Durch die Gemeinde Hausbrunn wird das 1. Kellerbergfest veranstaltet. Die Schule wird\u00a0 &#8222;Preyer-Schule&#8220; getauft. W\u00e4hrend der Adventszeit werden die B\u00e4ume entlang der Kirchenstiegen beleuchtet und mit Hilfe der Ortsbev\u00f6lkerung ein begehbarer Adventskalender gestaltet.<\/td>\r\n<td>\u00a0<\/td>\r\n<\/tr>\r\n<tr>\r\n<td><strong>1999<\/strong><\/td>\r\n<td>Die Gemeinde veranstaltet den 1. Faschingsbeginn im Gasthaus Schweinberger. Am Kirchenberg werden in den Zivilschutzkellern WC Anlagen errichtet. Im Rathaus wird im 1. Stock eine neue Heizung installiert. Vor dem Schulgeb\u00e4ude wird zur Sicherheit der Sch\u00fclerInnen eine Wohnstra\u00dfe verordnet. Der Gemeinderat besucht das Gottfried von Preyersche Kinderspital in Wien. Im August wird die 1. Hausbrunner Gemeindezeitung in Hausbrunn ver\u00f6ffentlicht und an die Bev\u00f6lkerung verteilt. Beim Friedhof wird eine Sammelstelle f\u00fcr Kr\u00e4nze und Blumen eingerichtet. Hinter der Kl\u00e4ranlage wird f\u00fcr Gr\u00fcnschnitt eine Deponie errichtet. In Hausbrunn findet im August das Bezirksjugendfeuerwehrlager statt. Im Freizeitzentrum wird eine Beleuchtung angekauft. Die Fassade an der Kirche wird unter finanzieller Mithilfe der Gemeinde hergerichtet.<\/td>\r\n<td>\u00a0<\/td>\r\n<\/tr>\r\n<tr>\r\n<td><strong>2000<\/strong><\/td>\r\n<td>Der 1. B\u00fcrgermeisterstammtisch abwechselnd in den Gasth\u00e4usern wird eingerichtet. Im Gemeindeamt wird ein Internetanschlu\u00df hergestellt. Das neue Feuerwehrfahrzeug wird durch Pfarrer Johann Kovacs gesegnet. Die Patin ist Fr. Bartl. Die ASV Bahnen im Freizeitzentrum erhalten einen neuen Belag. Die Rabensburgerstra\u00dfe wird neu asphaltiert. Der Fuchsenr\u00f6hrenweg wird erneuert. Im Schulgeb\u00e4ude wird das Dach und die Innent\u00fcren im 1. Stock erneuert. Die Gemeinde Hausbrunn und die Familie Fuka organisieren eine Benefizveranstaltung zugunsten des Gottfried von Preyerschen Kinderspitals in Wien.<\/td>\r\n<td>\u00a0<\/td>\r\n<\/tr>\r\n<tr>\r\n<td><strong>2001<\/strong><\/td>\r\n<td>Die Gemeinde Hausbrunn kauft die Heroldm\u00fchle neben dem Rathaus an. Die Fam. Fuka errichtet neben dem Rathaus ein Cafe. Der Tennisverein errichtet einen dritten Tennisplatz. Die Hauptschule Hausbrunn pflanzt im Oberort ein vom Raiffeisen Lagerhaus gespendetet Linde. Im Zuge der Rathausrenovierung wird der Nebentrakt trockengelegt. Die Sch\u00fclerInnen der Hauptschule Hausbrunn werden beim Schachturnier Landesmeister. Am 1.9. wird das neuerrichtete Kaffeehaus er\u00f6ffnet. Im Freizeitzentrum wird der Kinderspielplatz erweitert. Am Edenberg wird ein Baumlehr-pfad gestaltet. Im Schulgeb\u00e4ude wird eine die Schulk\u00fcche generalsaniert, die Innent\u00fcren im Erdgescho\u00df ausgewechselt und im Lehrerzimmer ein neuer Wandverbau angekauft.<\/td>\r\n<td>\u00a0<\/td>\r\n<\/tr>\r\n<tr>\r\n<td><strong>2002<\/strong><\/td>\r\n<td>Im Internet wird eine Gemeindehomepage eingerichtet. Am Kirchenberg wird die Stra\u00dfe asphaltiert. An der Hauptstra\u00dfe wird die Stra\u00dfenbeleuchtung erneuert. Beim Schulgeb\u00e4ude werden die WC Anlagen im 1. Stock generalsaniert. Im Kindergarten werden neue Eingangst\u00fcren angekauft und eingebaut. Die Gemeinde kauft f\u00fcr den Winterdienst einen neuen Traktor an. Bei der Blumenschmuckaktion des Landes gewinnt Hausbrunn den 2. Platz.<\/td>\r\n<td>\u00a0<\/td>\r\n<\/tr>\r\n<tr>\r\n<td><strong>2003<\/strong><\/td>\r\n<td>Am 25.7.2003 erfolgte der Spatenstich f\u00fcr den Bau des Turnsaales neben der\u00a0 Preyer-Schule mit Anwesenheit von Fr. LHStv. Heidemaria Onodi.<br \/>Die Postzusteller der Umgebung werden im Rathaus Hausbrunn untergebracht. Im Schulgeb\u00e4ude werden die WC Anlagen im Ergescho\u00df komplett renoviert.<br \/>Die Landesstra\u00dfe L15 (Richtung Dobermannsdorf) und L20 (Richtung Altlichtenwarth) werden neu gestaltet.<\/td>\r\n<td><img loading=\"lazy\" src=\"http:\/\/www.hausbrunn.at\/images\/spatenstich2.jpg\" alt=\"\" width=\"274\" height=\"164\" \/><\/td>\r\n<\/tr>\r\n<tr>\r\n<td>\u00a0<\/td>\r\n<td>\u00a0<a href=\"https:\/\/de.wikipedia.org\/wiki\/Hausbrunn\" target=\"_blank\" rel=\"noreferrer noopener\">Weitere Infos zur Geschichte von Hausbrunn<\/a><\/td>\r\n<td>\u00a0<\/td>\r\n<\/tr>\r\n<\/tbody>\r\n<\/table>\r\n<\/figure>\r\n\r\n\r\n\r\n<p>Copyright \u00a9 2020 Marktgemeinde Hausbrunn<\/p>\r\n","protected":false},"excerpt":{"rendered":"<p>1195 Erste urkundliche Erw\u00e4hnung &#8222;Hugesprunne&#8220; in den &#8222;Necrologia Germaniae&#8220; des Stiftes Klosterneuburg 1341 Urkunde Nr. 486 aus dem Hochstift Passau, Bayrisches Staatsarchiv. Erw\u00e4hnung des Ortes &#8222;Hawsprun&#8220; 1367 Am 4.6. verkauft Ortolf v. Wolchenstorf an David Streuzz, dem &#8222;Juden zu Wien&#8220;, Sohn Hennleins von Klosterneuburg, G\u00fcter zu Poystorff, Alten Liechtenwart, &#8222;Hausprunne&#8220; und Ringleinstorff. Er verkaufte auch &hellip; <\/p>\n<p class=\"link-more\"><a href=\"http:\/\/www.hausbrunn.at\/wpo\/orts-chronik\/\" class=\"more-link\"><span class=\"screen-reader-text\">\u201eOrtschronik\u201c<\/span> weiterlesen<\/a><\/p>\n","protected":false},"author":1,"featured_media":0,"parent":0,"menu_order":0,"comment_status":"closed","ping_status":"closed","template":"","meta":[],"_links":{"self":[{"href":"http:\/\/www.hausbrunn.at\/wpo\/wp-json\/wp\/v2\/pages\/120"}],"collection":[{"href":"http:\/\/www.hausbrunn.at\/wpo\/wp-json\/wp\/v2\/pages"}],"about":[{"href":"http:\/\/www.hausbrunn.at\/wpo\/wp-json\/wp\/v2\/types\/page"}],"author":[{"embeddable":true,"href":"http:\/\/www.hausbrunn.at\/wpo\/wp-json\/wp\/v2\/users\/1"}],"replies":[{"embeddable":true,"href":"http:\/\/www.hausbrunn.at\/wpo\/wp-json\/wp\/v2\/comments?post=120"}],"version-history":[{"count":13,"href":"http:\/\/www.hausbrunn.at\/wpo\/wp-json\/wp\/v2\/pages\/120\/revisions"}],"predecessor-version":[{"id":2678,"href":"http:\/\/www.hausbrunn.at\/wpo\/wp-json\/wp\/v2\/pages\/120\/revisions\/2678"}],"wp:attachment":[{"href":"http:\/\/www.hausbrunn.at\/wpo\/wp-json\/wp\/v2\/media?parent=120"}],"curies":[{"name":"wp","href":"https:\/\/api.w.org\/{rel}","templated":true}]}}