{"id":139,"date":"2020-09-29T14:13:53","date_gmt":"2020-09-29T12:13:53","guid":{"rendered":"http:\/\/www.hausbrunn.at\/wp\/?page_id=139"},"modified":"2025-01-07T22:39:51","modified_gmt":"2025-01-07T21:39:51","slug":"wasserzahler","status":"publish","type":"page","link":"http:\/\/www.hausbrunn.at\/wpo\/wasserzahler\/","title":{"rendered":"Wasserz\u00e4hler"},"content":{"rendered":"\r\n<p>M\u00dcLLKALENDER \u2013 WASSERABLESEBLATT<\/p>\r\n\r\n\r\n\r\n<p>Seit einigen Jahren werden der M\u00fcllkalender als auch das Wasserableseblatt den Gemeindeabgaben f\u00fcr das 4. Quartal oder bei der Wasserabrechnung beigelegt.<br \/>Dadurch erhalten MieterInnen von H\u00e4usern diese Bl\u00e4tter nicht, da die Gemeindeabgaben an die Liegenschaftseigent\u00fcmerInnen \u00fcbermittelt werden. Daher kommt es immer wieder vor, dass wir den notwendigen Wasserz\u00e4hlerstand von Liegenschaften nicht erhalten oder BewohnerInnen die M\u00fcllabfuhrtermine nicht kennen.<br \/>Wenn ein(e) Liegenschaftseigent\u00fcmerIn diese Bl\u00e4tter nicht an seine MieterIn weitergibt, so k\u00f6nnen diese selbstverst\u00e4ndlich auch im Gemeindeamt abgeholt werden. <br \/>Der M\u00fcllkalender als auch das Wasserableseblatt sind ab Mitte November jeden Jahres verf\u00fcgbar. <br \/>Diese k\u00f6nnen auf Wunsch bei Bekanntgabe einer Emailadresse auch digital zugesendet werden. <br \/>Auf der Internetseite der Marktgemeinde Hausbrunn sind diese ebenfalls abrufbar.<\/p>\r\n\r\n\r\n\r\n<p><a href=\"http:\/\/www.hausbrunn.at\/dokumente\/wasseruhrableseblatt.pdf\" target=\"_blank\" rel=\"noreferrer noopener\"><strong>Wasserableseblatt<\/strong><\/a><\/p>\r\n<p><a title=\"wasserz\u00e4hlerstand online\" href=\"http:\/\/www.hausbrunn.at\/wpo\/wasseruhrableseblatt\/\" rel=\"nofollow noreferrer\"><strong>Wasserz\u00e4hlerstand online melden<\/strong><\/a><\/p>\r\n\r\n\r\n\r\n<p><strong>\u00a0<a href=\"http:\/\/www.hausbrunn.at\/dokumente\/Auszug%20aus%20der%20Wasserleitungsordnung.doc\" target=\"_blank\" rel=\"noreferrer noopener\">Auszug aus der Wasserleitungsordnung<\/a><\/strong><\/p>\r\n","protected":false},"excerpt":{"rendered":"<p>M\u00dcLLKALENDER \u2013 WASSERABLESEBLATT Seit einigen Jahren werden der M\u00fcllkalender als auch das Wasserableseblatt den Gemeindeabgaben f\u00fcr das 4. Quartal oder bei der Wasserabrechnung beigelegt.Dadurch erhalten MieterInnen von H\u00e4usern diese Bl\u00e4tter nicht, da die Gemeindeabgaben an die Liegenschaftseigent\u00fcmerInnen \u00fcbermittelt werden. Daher kommt es immer wieder vor, dass wir den notwendigen Wasserz\u00e4hlerstand von Liegenschaften nicht erhalten oder &hellip; <\/p>\n<p class=\"link-more\"><a href=\"http:\/\/www.hausbrunn.at\/wpo\/wasserzahler\/\" class=\"more-link\"><span class=\"screen-reader-text\">\u201eWasserz\u00e4hler\u201c<\/span> weiterlesen<\/a><\/p>\n","protected":false},"author":1,"featured_media":0,"parent":0,"menu_order":0,"comment_status":"closed","ping_status":"closed","template":"","meta":[],"_links":{"self":[{"href":"http:\/\/www.hausbrunn.at\/wpo\/wp-json\/wp\/v2\/pages\/139"}],"collection":[{"href":"http:\/\/www.hausbrunn.at\/wpo\/wp-json\/wp\/v2\/pages"}],"about":[{"href":"http:\/\/www.hausbrunn.at\/wpo\/wp-json\/wp\/v2\/types\/page"}],"author":[{"embeddable":true,"href":"http:\/\/www.hausbrunn.at\/wpo\/wp-json\/wp\/v2\/users\/1"}],"replies":[{"embeddable":true,"href":"http:\/\/www.hausbrunn.at\/wpo\/wp-json\/wp\/v2\/comments?post=139"}],"version-history":[{"count":8,"href":"http:\/\/www.hausbrunn.at\/wpo\/wp-json\/wp\/v2\/pages\/139\/revisions"}],"predecessor-version":[{"id":2994,"href":"http:\/\/www.hausbrunn.at\/wpo\/wp-json\/wp\/v2\/pages\/139\/revisions\/2994"}],"wp:attachment":[{"href":"http:\/\/www.hausbrunn.at\/wpo\/wp-json\/wp\/v2\/media?parent=139"}],"curies":[{"name":"wp","href":"https:\/\/api.w.org\/{rel}","templated":true}]}}