{"id":14,"date":"2020-09-18T13:14:21","date_gmt":"2020-09-18T11:14:21","guid":{"rendered":"http:\/\/www.hausbrunn.at\/wp\/?page_id=14"},"modified":"2026-04-27T14:56:08","modified_gmt":"2026-04-27T12:56:08","slug":"startseite","status":"publish","type":"page","link":"http:\/\/www.hausbrunn.at\/wpo\/","title":{"rendered":""},"content":{"rendered":"<table style=\"border-collapse: collapse; width: 100%;\">\r\n<tbody>\r\n<tr>\r\n<td style=\"width: 50%;\"><a href=\"http:\/\/www.hausbrunn.at\/wpo\/fotogalerie\/\"><img loading=\"lazy\" class=\"wp-image-2540 size-full alignleft\" src=\"http:\/\/www.hausbrunn.at\/wpo\/wp-content\/uploads\/2023\/02\/topothek.jpg\" alt=\"\" width=\"337\" height=\"150\" srcset=\"http:\/\/www.hausbrunn.at\/wpo\/wp-content\/uploads\/2023\/02\/topothek.jpg 337w, http:\/\/www.hausbrunn.at\/wpo\/wp-content\/uploads\/2023\/02\/topothek-300x134.jpg 300w\" sizes=\"(max-width: 337px) 100vw, 337px\" \/><\/a><\/td>\r\n<td style=\"width: 50%;\"><a href=\"http:\/\/www.hausbrunn.at\/wpo\/digitale-amtstafel\/\"><img loading=\"lazy\" class=\"wp-image-2542 size-full alignright\" src=\"http:\/\/www.hausbrunn.at\/wpo\/wp-content\/uploads\/2023\/02\/digitale_amtstafel.jpg\" alt=\"\" width=\"630\" height=\"420\" srcset=\"http:\/\/www.hausbrunn.at\/wpo\/wp-content\/uploads\/2023\/02\/digitale_amtstafel.jpg 630w, http:\/\/www.hausbrunn.at\/wpo\/wp-content\/uploads\/2023\/02\/digitale_amtstafel-300x200.jpg 300w, http:\/\/www.hausbrunn.at\/wpo\/wp-content\/uploads\/2023\/02\/digitale_amtstafel-391x260.jpg 391w\" sizes=\"(max-width: 630px) 100vw, 630px\" \/><\/a><\/td>\r\n<\/tr>\r\n<tr>\r\n<td style=\"width: 50%;\"><a href=\"http:\/\/www.hausbrunn.at\/dokumente\/gemz_akt1.pdf\" target=\"_blank\" rel=\"noopener noreferrer nofollow\"><img loading=\"lazy\" class=\"wp-image-2546 alignleft\" src=\"http:\/\/www.hausbrunn.at\/wpo\/wp-content\/uploads\/2023\/02\/gemeindezeitung-1.jpg\" alt=\"\" width=\"173\" height=\"281\" srcset=\"http:\/\/www.hausbrunn.at\/wpo\/wp-content\/uploads\/2023\/02\/gemeindezeitung-1.jpg 253w, http:\/\/www.hausbrunn.at\/wpo\/wp-content\/uploads\/2023\/02\/gemeindezeitung-1-185x300.jpg 185w\" sizes=\"(max-width: 173px) 100vw, 173px\" \/><\/a><\/td>\r\n<td style=\"width: 50%;\"><a href=\"http:\/\/www.hausbrunn.at\/dokumente\/muellkalender_2026.pdf\" target=\"_blank\" rel=\"nofollow noopener noreferrer\"><img loading=\"lazy\" class=\"aligncenter wp-image-658 size-full\" src=\"http:\/\/www.hausbrunn.at\/wpo\/wp-content\/uploads\/2020\/11\/Altpapiertonne-1.png\" alt=\"\" width=\"200\" height=\"299\" \/><\/a><\/td>\r\n<\/tr>\r\n<tr>\r\n<td style=\"width: 50%;\"><a title=\"NOEGIG Glasfaser\" href=\"https:\/\/www.noegig.at\/bestellung\/\" target=\"_blank\" rel=\"nofollow noopener noreferrer\"><img loading=\"lazy\" class=\"alignnone  wp-image-3104\" src=\"http:\/\/www.hausbrunn.at\/wpo\/wp-content\/uploads\/2025\/05\/Button_800x800_glasfaser_bestellen-300x300.jpg\" alt=\"\" width=\"288\" height=\"288\" srcset=\"http:\/\/www.hausbrunn.at\/wpo\/wp-content\/uploads\/2025\/05\/Button_800x800_glasfaser_bestellen-300x300.jpg 300w, http:\/\/www.hausbrunn.at\/wpo\/wp-content\/uploads\/2025\/05\/Button_800x800_glasfaser_bestellen-1024x1024.jpg 1024w, http:\/\/www.hausbrunn.at\/wpo\/wp-content\/uploads\/2025\/05\/Button_800x800_glasfaser_bestellen-150x150.jpg 150w, http:\/\/www.hausbrunn.at\/wpo\/wp-content\/uploads\/2025\/05\/Button_800x800_glasfaser_bestellen-768x768.jpg 768w, http:\/\/www.hausbrunn.at\/wpo\/wp-content\/uploads\/2025\/05\/Button_800x800_glasfaser_bestellen-1536x1536.jpg 1536w, http:\/\/www.hausbrunn.at\/wpo\/wp-content\/uploads\/2025\/05\/Button_800x800_glasfaser_bestellen-2048x2048.jpg 2048w, http:\/\/www.hausbrunn.at\/wpo\/wp-content\/uploads\/2025\/05\/Button_800x800_glasfaser_bestellen-100x100.jpg 100w\" sizes=\"(max-width: 288px) 100vw, 288px\" \/><\/a><\/td>\r\n<td style=\"width: 50%;\"><a title=\"Hausbrunn Info\" href=\"https:\/\/chat.whatsapp.com\/GNMWExVj1UB55CKpu9mScW\" target=\"_blank\" rel=\"nofollow noopener noreferrer\">Hausbrunner Whatsapp Infogruppe<\/a><img loading=\"lazy\" class=\"alignnone size-medium wp-image-2930\" src=\"http:\/\/www.hausbrunn.at\/wpo\/wp-content\/uploads\/2024\/10\/qr_code_hausbrunn_whatsapp_gruppe-300x300.jpg\" alt=\"\" width=\"300\" height=\"300\" srcset=\"http:\/\/www.hausbrunn.at\/wpo\/wp-content\/uploads\/2024\/10\/qr_code_hausbrunn_whatsapp_gruppe-300x300.jpg 300w, http:\/\/www.hausbrunn.at\/wpo\/wp-content\/uploads\/2024\/10\/qr_code_hausbrunn_whatsapp_gruppe-150x150.jpg 150w, http:\/\/www.hausbrunn.at\/wpo\/wp-content\/uploads\/2024\/10\/qr_code_hausbrunn_whatsapp_gruppe-768x768.jpg 768w, http:\/\/www.hausbrunn.at\/wpo\/wp-content\/uploads\/2024\/10\/qr_code_hausbrunn_whatsapp_gruppe-100x100.jpg 100w, http:\/\/www.hausbrunn.at\/wpo\/wp-content\/uploads\/2024\/10\/qr_code_hausbrunn_whatsapp_gruppe.jpg 1000w\" sizes=\"(max-width: 300px) 100vw, 300px\" \/><\/td>\r\n<\/tr>\r\n<\/tbody>\r\n<\/table>\r\n<p><a title=\"Volksbegehren\" href=\"https:\/\/www.bmi.gv.at\/411\/\" target=\"_blank\" rel=\"nofollow noopener noreferrer\"><strong>\u00dcbersicht : aktuelle Volksbegehren &#8211; am Gemeindeamt zu unterschreiben<\/strong><\/a><\/p>\r\n<p><strong>-WICHTIG !\u00a0<\/strong><br \/><strong>\u00a0Liebe HausbrunnerInnen, Die Fehlerstelle an der Wasserleitung wurde\u00a0 bisher noch nicht lokalisiert.<\/strong><br \/><strong>\u00a0Es k\u00f6nnten auch Keller vollgelaufen sein. (Nach der Wasseruhr) !<\/strong><br \/><strong>\u00a0Bitte um Aufmerksamkeit!<\/strong><\/p>\r\n<p><strong>-N\u00e4chster Bausprechtag 19.05.2026<\/strong><\/p>\r\n<p><a href=\"https:\/\/www.evn.at\/home\/evn-lichtservice\/storung-melden?fbclid=IwAR0RW2X_yNahAFamby6yIucejx4_EkQh8mQC_HVUb-7DI1fc4JMRSaPKM7A\" target=\"_blank\" rel=\"noopener noreferrer nofollow\"><img loading=\"lazy\" class=\"aligncenter wp-image-2565 size-full\" src=\"http:\/\/www.hausbrunn.at\/wpo\/wp-content\/uploads\/2023\/02\/evn_stoerung.jpg\" alt=\"\" width=\"705\" height=\"178\" srcset=\"http:\/\/www.hausbrunn.at\/wpo\/wp-content\/uploads\/2023\/02\/evn_stoerung.jpg 705w, http:\/\/www.hausbrunn.at\/wpo\/wp-content\/uploads\/2023\/02\/evn_stoerung-300x76.jpg 300w\" sizes=\"(max-width: 705px) 100vw, 705px\" \/><\/a><\/p>\r\n<p><script type=\"text\/javascript\">\r\ndocument.addEventListener(\"DOMContentLoaded\", function(event) { \r\n\tjQuery( '#slider-pro-3-711' ).sliderPro({\r\n\t\t\/\/width\r\n\t\t\t\twidth: \"100%\",\r\n\t\t\t\t\r\n\t\t\/\/height\r\n\t\t\t\tautoHeight: true,\r\n\t\t\t\t\r\n\t\t\/\/auto play\r\n\t\t\t\tautoplay:  true,\r\n\t\tautoplayOnHover: 'none',\r\n\t\t\t\t\t\t\t\tautoplayDelay: 10000,\r\n\t\t\r\n\t\t\r\n\t\tarrows: true,\r\n\t\tbuttons: true,\r\n\t\tsmallSize: 500,\r\n\t\tmediumSize: 1000,\r\n\t\tlargeSize: 3000,\r\n\t\tfade: true,\r\n\t\t\r\n\t\t\/\/thumbnail\r\n\t\tthumbnailArrows: true,\r\n\t\tthumbnailWidth: 120,\r\n\t\tthumbnailHeight: 120,\r\n\t\t\t\t\t\t\t\tcenterImage: true,\r\n\t\timageScaleMode: 'exact',\r\n\t\tallowScaleUp: true,\r\n\t\t\t\tstartSlide: 0,\r\n\t\tloop: true,\r\n\t\tslideDistance: 5,\r\n\t\tautoplayDirection: 'normal',\r\n\t\ttouchSwipe: true,\r\n\t\tfullScreen: true,\r\n\t});\r\n});\r\n<\/script>\r\n<style>\r\n\/* Layout 3 *\/\r\n\/* border *\/\r\n#slider-pro-3-711 .sp-selected-thumbnail {\r\n\tborder: 4px solid #000000;\r\n}\r\n\r\n\/* font + color *\/\r\n.title-in  {\r\n\tfont-family: Arial !important;\r\n\tcolor: #FFFFFF !important;\r\n\tbackground-color: #000000 !important;\r\n\topacity: 0.7 !important;\r\n}\r\n.desc-in  {\r\n\tfont-family: Arial !important;\r\n\tcolor: #FFFFFF !important;\r\n\tbackground-color: #00000 !important;\r\n\topacity: 0.7 !important;\r\n}\r\n\r\n\/* bullets color *\/\r\n.sp-button  {\r\n\tborder: 2px solid #000000 !important;\r\n}\r\n.sp-selected-button  {\r\n\tbackground-color: #000000 !important;\r\n}\r\n\r\n\/* pointer color - bottom *\/\r\n\r\n\/* pointer color - top *\/\r\n\r\n\/* full screen icon *\/\r\n.sp-full-screen-button::before {\r\n    color: #FFFFFF !important;\r\n}\r\n\r\n\/* hover navigation icon color *\/\r\n.sp-next-arrow::after, .sp-next-arrow::before {\r\n\tbackground-color: #FFFFFF !important;\r\n}\r\n.sp-previous-arrow::after, .sp-previous-arrow::before {\r\n\tbackground-color: #FFFFFF !important;\r\n}\r\n\r\n#slider-pro-3-711 .title-in {\r\n\tcolor: #FFFFFF !important;\r\n\tfont-weight: bolder;\r\n\ttext-align: center;\r\n}\r\n\r\n#slider-pro-3-711 .title-in-bg {\r\n\tbackground: rgba(255, 255, 255, 0.7); !important;\r\n\twhite-space: unset !important;\r\n\tmax-width: 90%;\r\n\tmin-width: 40%;\r\n\ttransform: initial !important;\r\n\t-webkit-transform: initial !important;\r\n\tfont-size: 14px !important;\r\n}\r\n\r\n#slider-pro-3-711 .desc-in {\r\n\tcolor: #FFFFFF !important;\r\n\ttext-align: center;\r\n}\r\n#slider-pro-3-711 .desc-in-bg {\r\n\tbackground: rgba(#00000, 0.7) !important;\r\n\twhite-space: unset !important;\r\n\twidth: 80% !important;\r\n\tmin-width: 30%;\r\n\ttransform: initial !important;\r\n\t-webkit-transform: initial !important;\r\n\tfont-size: 13px !important;\r\n}\r\n\r\n@media (max-width: 640px) {\r\n\t#slider-pro-3-711 .hide-small-screen {\r\n\t\tdisplay: none;\r\n\t}\r\n}\r\n\r\n@media (max-width: 860px) {\r\n\t#slider-pro-3-711 .sp-layer {\r\n\t\tfont-size: 18px;\r\n\t}\r\n\t\r\n\t#slider-pro-3-711 .hide-medium-screen {\r\n\t\tdisplay: none;\r\n\t}\r\n}\r\n.slides-not-found {\r\n\tbackground-color: #a92929;\r\n\tborder-radius: 5px;\r\n\tcolor: #fff;\r\n\tfont-family: initial;\r\n\ttext-align: center;\r\n\tpadding:12px;\r\n}\r\n\/* Custom CSS *\/\r\n<\/style>\r\n\t\t<div id=\"slider-pro-3-711\" class=\"slider-pro\">\r\n\t\t\t<!---- slides div start ---->\r\n\t\t\t<div class=\"sp-slides\">\r\n\t\t\t\t\t\t\t\t\t\t<div class=\"sp-slide\">\r\n\t\t\t\t\t\t\t<img class=\"sp-image\" loading=\"lazy\" alt=\"fak\" src=\"http:\/\/www.hausbrunn.at\/wpo\/wp-content\/plugins\/ultimate-responsive-image-slider\/assets\/css\/images\/blank.gif\" data-src=\"http:\/\/www.hausbrunn.at\/wpo\/wp-content\/uploads\/2026\/04\/fak.jpg\" \/>\r\n\r\n\t\t\t\t\t\t\t\r\n\t\t\t\t\t\t\t\t\t\t\t\t\t<\/div>\r\n\t\t\t\t\t\t\t\t\t\t\t\t<div class=\"sp-slide\">\r\n\t\t\t\t\t\t\t<img class=\"sp-image\" loading=\"lazy\" alt=\"feuer\" src=\"http:\/\/www.hausbrunn.at\/wpo\/wp-content\/plugins\/ultimate-responsive-image-slider\/assets\/css\/images\/blank.gif\" data-src=\"http:\/\/www.hausbrunn.at\/wpo\/wp-content\/uploads\/2026\/04\/feuer.jpg\" \/>\r\n\r\n\t\t\t\t\t\t\t\r\n\t\t\t\t\t\t\t\t\t\t\t\t\t<\/div>\r\n\t\t\t\t\t\t\t\t\t\t\t\t<div class=\"sp-slide\">\r\n\t\t\t\t\t\t\t<img class=\"sp-image\" loading=\"lazy\" alt=\"gips\" src=\"http:\/\/www.hausbrunn.at\/wpo\/wp-content\/plugins\/ultimate-responsive-image-slider\/assets\/css\/images\/blank.gif\" data-src=\"http:\/\/www.hausbrunn.at\/wpo\/wp-content\/uploads\/2026\/02\/gips.jpg\" \/>\r\n\r\n\t\t\t\t\t\t\t\r\n\t\t\t\t\t\t\t\t\t\t\t\t\t<\/div>\r\n\t\t\t\t\t\t\t\t\t\t\t\t<div class=\"sp-slide\">\r\n\t\t\t\t\t\t\t<img class=\"sp-image\" loading=\"lazy\" alt=\"Plakat noeGIG\" src=\"http:\/\/www.hausbrunn.at\/wpo\/wp-content\/plugins\/ultimate-responsive-image-slider\/assets\/css\/images\/blank.gif\" data-src=\"http:\/\/www.hausbrunn.at\/wpo\/wp-content\/uploads\/2025\/09\/Plakat-noeGIG-scaled.jpg\" \/>\r\n\r\n\t\t\t\t\t\t\t\r\n\t\t\t\t\t\t\t\t\t\t\t\t\t<\/div>\r\n\t\t\t\t\t\t\t\t\t\t\t\t<div class=\"sp-slide\">\r\n\t\t\t\t\t\t\t<img class=\"sp-image\" loading=\"lazy\" alt=\"2026_Elternberatung\" src=\"http:\/\/www.hausbrunn.at\/wpo\/wp-content\/plugins\/ultimate-responsive-image-slider\/assets\/css\/images\/blank.gif\" data-src=\"http:\/\/www.hausbrunn.at\/wpo\/wp-content\/uploads\/2025\/12\/2026_Elternberatung-scaled.jpg\" \/>\r\n\r\n\t\t\t\t\t\t\t\r\n\t\t\t\t\t\t\t\t\t\t\t\t\t<\/div>\r\n\t\t\t\t\t\t\t\t\t\t\t\t<div class=\"sp-slide\">\r\n\t\t\t\t\t\t\t<img class=\"sp-image\" loading=\"lazy\" alt=\"sauber\" src=\"http:\/\/www.hausbrunn.at\/wpo\/wp-content\/plugins\/ultimate-responsive-image-slider\/assets\/css\/images\/blank.gif\" data-src=\"http:\/\/www.hausbrunn.at\/wpo\/wp-content\/uploads\/2026\/04\/sauber.jpg\" \/>\r\n\r\n\t\t\t\t\t\t\t\r\n\t\t\t\t\t\t\t\t\t\t\t\t\t<\/div>\r\n\t\t\t\t\t\t\t\t\t\t\t\t<div class=\"sp-slide\">\r\n\t\t\t\t\t\t\t<img class=\"sp-image\" loading=\"lazy\" alt=\"flohmarkt\" src=\"http:\/\/www.hausbrunn.at\/wpo\/wp-content\/plugins\/ultimate-responsive-image-slider\/assets\/css\/images\/blank.gif\" data-src=\"http:\/\/www.hausbrunn.at\/wpo\/wp-content\/uploads\/2026\/04\/flohmarkt.jpg\" \/>\r\n\r\n\t\t\t\t\t\t\t\r\n\t\t\t\t\t\t\t\t\t\t\t\t\t<\/div>\r\n\t\t\t\t\t\t\t\t\t\t\t\t<div class=\"sp-slide\">\r\n\t\t\t\t\t\t\t<img class=\"sp-image\" loading=\"lazy\" alt=\"roter\" src=\"http:\/\/www.hausbrunn.at\/wpo\/wp-content\/plugins\/ultimate-responsive-image-slider\/assets\/css\/images\/blank.gif\" data-src=\"http:\/\/www.hausbrunn.at\/wpo\/wp-content\/uploads\/2026\/04\/roter.jpg\" \/>\r\n\r\n\t\t\t\t\t\t\t\r\n\t\t\t\t\t\t\t\t\t\t\t\t\t<\/div>\r\n\t\t\t\t\t\t\t\t\t\t\t\t<div class=\"sp-slide\">\r\n\t\t\t\t\t\t\t<img class=\"sp-image\" loading=\"lazy\" alt=\"byb2026\" src=\"http:\/\/www.hausbrunn.at\/wpo\/wp-content\/plugins\/ultimate-responsive-image-slider\/assets\/css\/images\/blank.gif\" data-src=\"http:\/\/www.hausbrunn.at\/wpo\/wp-content\/uploads\/2026\/02\/byb2026.jpg\" \/>\r\n\r\n\t\t\t\t\t\t\t\r\n\t\t\t\t\t\t\t\t\t\t\t\t\t<\/div>\r\n\t\t\t\t\t\t\t\t\t<\/div>\r\n\t\t\t\r\n\t\t\t<!---- slides div end ---->\r\n\t\t\t\t\t\t<!-- slides thumbnails div end -->\r\n\t\t<\/div>\r\n<br \/><\/p>\r\n<p>In Nieder\u00f6sterreich werden seit 1. J\u00e4nner 2023 alle Kunststoff &#8211; und Metallverpackungen im Gelben Sack gesammelt. Zur Erleichterung der richtigen M\u00fcllentsorgung hat die ARA die <a title=\"Digi-Cycle-App\" href=\"https:\/\/www.ara.at\/news\/digi-cycle-app-hilft-beim-trennen\" target=\"_blank\" rel=\"noopener noreferrer nofollow\">Digi-Cycle-App<\/a> entwickelt.<\/p>\r\n<p><a href=\"http:\/\/www.hausbrunn.at\/dokumente\/Hgz\/2024\/Jahreszeitung_2024.pdf\" target=\"_blank\" rel=\"noopener noreferrer nofollow\"><strong>Hausbrunner Jahreszeitung 2024<\/strong><\/a><\/p>\r\n<p>aktueller Veranstaltungskalender <a title=\"Veranstaltungskalender\" href=\"http:\/\/www.hausbrunn.at\/dokumente\/Veranstaltungskalender.pdf\" target=\"_blank\" rel=\"noopener noreferrer nofollow\"><strong>zum download<\/strong><\/a><\/p>\r\n<p>Vielen Dank und bleiben Sie gesund!<\/p>\r\n<p><a href=\"http:\/\/www.hausbrunn.at\/dokumente\/gemz_letzt.pdf\" target=\"_blank\" rel=\"noreferrer noopener\"><strong>Gemeindezeitung vergangenes Monat<\/strong><\/a><\/p>\r\n<p><span style=\"text-decoration: underline;\"><strong>Bezgl. Medikamentenbestellung bei Dr. Oskar Kienast:<\/strong><\/span><\/p>\r\n<p>Es ist m\u00f6glich, dass \u00fcber die Nr.: 0690\/10117151 Medikamente\u00a0 per SMS oder Whatsapp bestellt werden k\u00f6nnen. <br \/>Folgende Angaben sind unbedingt erforderlich:<br \/>Name u. Geburtsdatum,<br \/>St\u00fcckpackung + Milligramm<br \/><a href=\"http:\/\/www.hausbrunn.at\/wpo\/arzte-facharzte\/\" rel=\"nofollow noreferrer\">zur \u00c4rzteseite<\/a><\/p>\r\n<!-- \/wp:paragraph -->\r\n\r\n<!-- wp:paragraph --><!-- \/wp:paragraph -->\r\n\r\n<!-- wp:paragraph -->\r\n<p>&nbsp;<\/p>\r\n<!-- \/wp:paragraph -->\r\n\r\n<!-- wp:paragraph -->\r\n<p>BITTE geben Sie wichtige und aktuelle Informationen an die Personen weiter, die NICHT \u00fcber elektronische Medien erreichbar sind.<\/p>\r\n<!-- \/wp:paragraph -->\r\n\r\n<!-- wp:paragraph -->\r\n<p>&nbsp;<\/p>\r\n<!-- \/wp:paragraph -->","protected":false},"excerpt":{"rendered":"<p>Hausbrunner Whatsapp Infogruppe \u00dcbersicht : aktuelle Volksbegehren &#8211; am Gemeindeamt zu unterschreiben -WICHTIG !\u00a0\u00a0Liebe HausbrunnerInnen, Die Fehlerstelle an der Wasserleitung wurde\u00a0 bisher noch nicht lokalisiert.\u00a0Es k\u00f6nnten auch Keller vollgelaufen sein. (Nach der Wasseruhr) !\u00a0Bitte um Aufmerksamkeit! -N\u00e4chster Bausprechtag 19.05.2026 In Nieder\u00f6sterreich werden seit 1. J\u00e4nner 2023 alle Kunststoff &#8211; und Metallverpackungen im Gelben Sack gesammelt. &hellip; <\/p>\n<p class=\"link-more\"><a href=\"http:\/\/www.hausbrunn.at\/wpo\/2020\/11\/16\/zivilschutz-aktuell\/\" class=\"more-link\"><span class=\"screen-reader-text\">\u201eaktuell\u201c<\/span> weiterlesen<\/a><\/p>\n","protected":false},"author":1,"featured_media":0,"parent":0,"menu_order":0,"comment_status":"closed","ping_status":"closed","template":"","meta":[],"_links":{"self":[{"href":"http:\/\/www.hausbrunn.at\/wpo\/wp-json\/wp\/v2\/pages\/14"}],"collection":[{"href":"http:\/\/www.hausbrunn.at\/wpo\/wp-json\/wp\/v2\/pages"}],"about":[{"href":"http:\/\/www.hausbrunn.at\/wpo\/wp-json\/wp\/v2\/types\/page"}],"author":[{"embeddable":true,"href":"http:\/\/www.hausbrunn.at\/wpo\/wp-json\/wp\/v2\/users\/1"}],"replies":[{"embeddable":true,"href":"http:\/\/www.hausbrunn.at\/wpo\/wp-json\/wp\/v2\/comments?post=14"}],"version-history":[{"count":561,"href":"http:\/\/www.hausbrunn.at\/wpo\/wp-json\/wp\/v2\/pages\/14\/revisions"}],"predecessor-version":[{"id":3304,"href":"http:\/\/www.hausbrunn.at\/wpo\/wp-json\/wp\/v2\/pages\/14\/revisions\/3304"}],"wp:attachment":[{"href":"http:\/\/www.hausbrunn.at\/wpo\/wp-json\/wp\/v2\/media?parent=14"}],"curies":[{"name":"wp","href":"https:\/\/api.w.org\/{rel}","templated":true}]}}