{"id":218,"date":"2020-09-29T19:14:23","date_gmt":"2020-09-29T17:14:23","guid":{"rendered":"http:\/\/www.hausbrunn.at\/wp\/?page_id=218"},"modified":"2020-09-29T19:14:24","modified_gmt":"2020-09-29T17:14:24","slug":"interessante-links-zur-gesundheit","status":"publish","type":"page","link":"http:\/\/www.hausbrunn.at\/wpo\/interessante-links-zur-gesundheit\/","title":{"rendered":"Interessante Links zur Gesundheit"},"content":{"rendered":"\n<ol><li><a rel=\"noreferrer noopener\" href=\"http:\/\/www.apo24.at\/evo\/web\/compass\/2619_DE\" target=\"_blank\">Apo24.de<\/a><\/li><li><a rel=\"noreferrer noopener\" href=\"http:\/\/www2.aponet.at\/default.pxml?kap=915&amp;lang=de&amp;af_mode=subcard&amp;af_cord=3\" target=\"_blank\">Apotheken Verzeichnis<\/a><\/li><li><a rel=\"noreferrer noopener\" href=\"http:\/\/cms.arztnoe.at\/\" target=\"_blank\">\u00c4rztekammer N\u00d6<\/a><\/li><li><a rel=\"noreferrer noopener\" href=\"http:\/\/www.bva.at\/portal27\/portal\/bvaportal\/start\/startWindow?action=2&amp;p_menuid=4301&amp;p_tabid=1\" target=\"_blank\">BVA Versicherungsanstalt \u00f6ffentl. Bediensteter<\/a><\/li><li><a rel=\"noreferrer noopener\" href=\"http:\/\/www.caritas.at\/\" target=\"_blank\">Caritas<\/a><\/li><li><a rel=\"noreferrer noopener\" href=\"http:\/\/www.noel.gv.at\/Gesundheit\/Gesundheitseinrichtungen.html\" target=\"_blank\">Gesundheit und Soziales &#8211; Gesundheitseinrichtungen in N\u00d6<\/a><\/li><li><a rel=\"noreferrer noopener\" href=\"http:\/\/www.gfnoe.at\/\" target=\"_blank\">Gesundheitsforum N\u00d6<\/a><\/li><li><a rel=\"noreferrer noopener\" href=\"https:\/\/www.gesundheit.gv.at\/Portal.Node\/ghp\/public\" target=\"_blank\">Gesundheitsportal<\/a><\/li><li><a rel=\"noreferrer noopener\" href=\"http:\/\/www.lebensberatung.at\/\" target=\"_blank\">Lebensberatung<\/a><\/li><li><a rel=\"noreferrer noopener\" href=\"http:\/\/niederoesterreich.hilfswerk.at\/\" target=\"_blank\">N\u00d6 Hilfswerk<\/a><\/li><li><a rel=\"noreferrer noopener\" href=\"http:\/\/www.patientenanwalt.com\/\" target=\"_blank\">N\u00d6 Patientenanwalt<\/a><\/li><li><a rel=\"noreferrer noopener\" href=\"http:\/\/www.roteskreuz.at\/niederoesterreich\/\" target=\"_blank\">N\u00d6 Rotes Kreuz<\/a><\/li><li><a rel=\"noreferrer noopener\" href=\"http:\/\/www.noe-volkshilfe.at\/\" target=\"_blank\">N\u00d6 Volkshilfe<\/a><\/li><li><a rel=\"noreferrer noopener\" href=\"http:\/\/www.noegkk.at\/portal27\/portal\/noegkkportal\/start\/startWindow?action=2&amp;p_menuid=1083&amp;p_tabid=1\" target=\"_blank\">N\u00d6\u00a0Gebietskrankenkasse<\/a>\u00a0<\/li><li><a rel=\"noreferrer noopener\" href=\"http:\/\/www.sozialversicherung.at\/portal27\/portal\/esvportal\/start\/startWindow?action=2&amp;p_menuid=2&amp;p_tabid=1\" target=\"_blank\">\u00d6sterreichische Sozialversicherung<\/a><\/li><li><a rel=\"noreferrer noopener\" href=\"http:\/\/www.pensionsversicherung.at\/portal27\/portal\/pvaportal\/start\/startWindow?action=2&amp;p_menuid=5179&amp;p_tabid=1\" target=\"_blank\">PVA Pensionsversicherungsanstalt<\/a><\/li><li><a rel=\"noreferrer noopener\" href=\"http:\/\/esv-sva.sozvers.at\/portal27\/portal\/svaportal\/start\/startWindow?action=2&amp;p_menuid=6259&amp;p_tabid=1\" target=\"_blank\">SVA Sozialversicherung\u00a0der Gewerblichen Wirtschaft<\/a><\/li><li><a rel=\"noreferrer noopener\" href=\"http:\/\/www.svb.at\/portal27\/portal\/svbportal\/start\/startWindow?action=2&amp;p_menuid=9&amp;p_tabid=1\" target=\"_blank\">SVB Sozialversicherung der Bauern<\/a><\/li><li><a rel=\"noreferrer noopener\" href=\"http:\/\/www.tierarzt.at\/2008\/intro.php\" target=\"_blank\">Tier\u00e4rzteverzeichnis<\/a><\/li><li><a rel=\"noreferrer noopener\" href=\"http:\/\/www.wgkk.at\/portal27\/portal\/wgkkportal\/start\/startWindow?action=2&amp;p_menuid=52138&amp;p_tabid=1\" target=\"_blank\">Wiener Gebietskrankenkasse<\/a><\/li><\/ol>\n","protected":false},"excerpt":{"rendered":"<p>Apo24.de Apotheken Verzeichnis \u00c4rztekammer N\u00d6 BVA Versicherungsanstalt \u00f6ffentl. Bediensteter Caritas Gesundheit und Soziales &#8211; Gesundheitseinrichtungen in N\u00d6 Gesundheitsforum N\u00d6 Gesundheitsportal Lebensberatung N\u00d6 Hilfswerk N\u00d6 Patientenanwalt N\u00d6 Rotes Kreuz N\u00d6 Volkshilfe N\u00d6\u00a0Gebietskrankenkasse\u00a0 \u00d6sterreichische Sozialversicherung PVA Pensionsversicherungsanstalt SVA Sozialversicherung\u00a0der Gewerblichen Wirtschaft SVB Sozialversicherung der Bauern Tier\u00e4rzteverzeichnis Wiener Gebietskrankenkasse<\/p>\n","protected":false},"author":1,"featured_media":0,"parent":0,"menu_order":0,"comment_status":"closed","ping_status":"closed","template":"","meta":[],"_links":{"self":[{"href":"http:\/\/www.hausbrunn.at\/wpo\/wp-json\/wp\/v2\/pages\/218"}],"collection":[{"href":"http:\/\/www.hausbrunn.at\/wpo\/wp-json\/wp\/v2\/pages"}],"about":[{"href":"http:\/\/www.hausbrunn.at\/wpo\/wp-json\/wp\/v2\/types\/page"}],"author":[{"embeddable":true,"href":"http:\/\/www.hausbrunn.at\/wpo\/wp-json\/wp\/v2\/users\/1"}],"replies":[{"embeddable":true,"href":"http:\/\/www.hausbrunn.at\/wpo\/wp-json\/wp\/v2\/comments?post=218"}],"version-history":[{"count":1,"href":"http:\/\/www.hausbrunn.at\/wpo\/wp-json\/wp\/v2\/pages\/218\/revisions"}],"predecessor-version":[{"id":219,"href":"http:\/\/www.hausbrunn.at\/wpo\/wp-json\/wp\/v2\/pages\/218\/revisions\/219"}],"wp:attachment":[{"href":"http:\/\/www.hausbrunn.at\/wpo\/wp-json\/wp\/v2\/media?parent=218"}],"curies":[{"name":"wp","href":"https:\/\/api.w.org\/{rel}","templated":true}]}}