{"id":263,"date":"2020-09-29T19:40:18","date_gmt":"2020-09-29T17:40:18","guid":{"rendered":"http:\/\/www.hausbrunn.at\/wp\/?page_id=263"},"modified":"2023-08-30T12:45:19","modified_gmt":"2023-08-30T10:45:19","slug":"immobilien","status":"publish","type":"page","link":"http:\/\/www.hausbrunn.at\/wpo\/immobilien\/","title":{"rendered":"Immobilien"},"content":{"rendered":"\r\n<p>Es wird darauf aufmerksam gemacht, dass die Marktgemeinde Hausbrunn lediglich die Information zur Verf\u00fcgung stellt und keine Vermittlungsfunktion \u00fcbernimmt.<\/p>\r\n\r\n\r\n\r\n<p>N\u00e4here Informationen und Preisvorstellungen m\u00fcssen mit den Grundeigent\u00fcmern abgekl\u00e4rt werden!<\/p>\r\n\r\n\r\n\r\n<p><strong>Sie wollen eine Immobile in Hausbrunn verkaufen oder vermieten?<\/strong><\/p>\r\n\r\n\r\n\r\n<p><strong>Schicken Sie uns eine Email mit den genauen Daten.<\/strong><\/p>\r\n\r\n\r\n\r\n<p>Als Service f\u00fcr unsere B\u00fcrger wird sie dann auf dieser Seite ver\u00f6ffentlicht.<\/p>\r\n\r\n\r\n\r\n<p>Derzeit sind folgende Liegenschaften auf externen Plattformen verf\u00fcgbar:<\/p>\r\n\r\n\r\n\r\n<p>Hier gehts zu den Angeboten auf <a href=\"https:\/\/www.willhaben.at\/iad\/immobilien\/immobilien\/angebote?sfId=9aa4d564-f591-41ed-b651-6d9813a3f88a&amp;isNavigation=true&amp;page=1&amp;areaId=31620\" target=\"_blank\" rel=\"noreferrer noopener\">willhaben.at<\/a><\/p>\r\n","protected":false},"excerpt":{"rendered":"<p>Es wird darauf aufmerksam gemacht, dass die Marktgemeinde Hausbrunn lediglich die Information zur Verf\u00fcgung stellt und keine Vermittlungsfunktion \u00fcbernimmt. N\u00e4here Informationen und Preisvorstellungen m\u00fcssen mit den Grundeigent\u00fcmern abgekl\u00e4rt werden! Sie wollen eine Immobile in Hausbrunn verkaufen oder vermieten? Schicken Sie uns eine Email mit den genauen Daten. Als Service f\u00fcr unsere B\u00fcrger wird sie dann &hellip; <\/p>\n<p class=\"link-more\"><a href=\"http:\/\/www.hausbrunn.at\/wpo\/immobilien\/\" class=\"more-link\"><span class=\"screen-reader-text\">\u201eImmobilien\u201c<\/span> weiterlesen<\/a><\/p>\n","protected":false},"author":1,"featured_media":0,"parent":0,"menu_order":0,"comment_status":"closed","ping_status":"closed","template":"","meta":[],"_links":{"self":[{"href":"http:\/\/www.hausbrunn.at\/wpo\/wp-json\/wp\/v2\/pages\/263"}],"collection":[{"href":"http:\/\/www.hausbrunn.at\/wpo\/wp-json\/wp\/v2\/pages"}],"about":[{"href":"http:\/\/www.hausbrunn.at\/wpo\/wp-json\/wp\/v2\/types\/page"}],"author":[{"embeddable":true,"href":"http:\/\/www.hausbrunn.at\/wpo\/wp-json\/wp\/v2\/users\/1"}],"replies":[{"embeddable":true,"href":"http:\/\/www.hausbrunn.at\/wpo\/wp-json\/wp\/v2\/comments?post=263"}],"version-history":[{"count":3,"href":"http:\/\/www.hausbrunn.at\/wpo\/wp-json\/wp\/v2\/pages\/263\/revisions"}],"predecessor-version":[{"id":2687,"href":"http:\/\/www.hausbrunn.at\/wpo\/wp-json\/wp\/v2\/pages\/263\/revisions\/2687"}],"wp:attachment":[{"href":"http:\/\/www.hausbrunn.at\/wpo\/wp-json\/wp\/v2\/media?parent=263"}],"curies":[{"name":"wp","href":"https:\/\/api.w.org\/{rel}","templated":true}]}}