{"id":345,"date":"2020-10-03T16:26:52","date_gmt":"2020-10-03T14:26:52","guid":{"rendered":"http:\/\/www.hausbrunn.at\/wp\/?page_id=345"},"modified":"2024-02-25T19:28:06","modified_gmt":"2024-02-25T18:28:06","slug":"gesunde-gemeinde","status":"publish","type":"page","link":"http:\/\/www.hausbrunn.at\/wpo\/gesunde-gemeinde\/","title":{"rendered":"Gesunde Gemeinde"},"content":{"rendered":"\r\n<p class=\"has-text-align-left\">Seit 01. J\u00e4nner 2021 nehmen wir Dank eines positiven Gemeinderatsbeschlusses am Programm des Landes Nieder\u00f6sterreich, der \u201eGesunde Gemeinde\u201d, teil.<br \/><br \/>\u00dcber pers\u00f6nliche Anregungen &amp; Vorschl\u00e4ge w\u00fcrden wir uns freuen!<\/p>\r\n<p class=\"has-text-align-left\"><img loading=\"lazy\" class=\"aligncenter  wp-image-880\" src=\"http:\/\/www.hausbrunn.at\/wpo\/wp-content\/uploads\/2020\/12\/gesundes_hausbrunn-298x300.png\" alt=\"\" width=\"127\" height=\"128\" \/> <br \/>Arbeitskreisleitung: Theresia Hlawaty<\/p>\r\n\r\n\r\n","protected":false},"excerpt":{"rendered":"<p>Seit 01. J\u00e4nner 2021 nehmen wir Dank eines positiven Gemeinderatsbeschlusses am Programm des Landes Nieder\u00f6sterreich, der \u201eGesunde Gemeinde\u201d, teil. \u00dcber pers\u00f6nliche Anregungen &amp; Vorschl\u00e4ge w\u00fcrden wir uns freuen! Arbeitskreisleitung: Theresia Hlawaty<\/p>\n","protected":false},"author":1,"featured_media":0,"parent":0,"menu_order":0,"comment_status":"closed","ping_status":"closed","template":"","meta":[],"_links":{"self":[{"href":"http:\/\/www.hausbrunn.at\/wpo\/wp-json\/wp\/v2\/pages\/345"}],"collection":[{"href":"http:\/\/www.hausbrunn.at\/wpo\/wp-json\/wp\/v2\/pages"}],"about":[{"href":"http:\/\/www.hausbrunn.at\/wpo\/wp-json\/wp\/v2\/types\/page"}],"author":[{"embeddable":true,"href":"http:\/\/www.hausbrunn.at\/wpo\/wp-json\/wp\/v2\/users\/1"}],"replies":[{"embeddable":true,"href":"http:\/\/www.hausbrunn.at\/wpo\/wp-json\/wp\/v2\/comments?post=345"}],"version-history":[{"count":12,"href":"http:\/\/www.hausbrunn.at\/wpo\/wp-json\/wp\/v2\/pages\/345\/revisions"}],"predecessor-version":[{"id":2741,"href":"http:\/\/www.hausbrunn.at\/wpo\/wp-json\/wp\/v2\/pages\/345\/revisions\/2741"}],"wp:attachment":[{"href":"http:\/\/www.hausbrunn.at\/wpo\/wp-json\/wp\/v2\/media?parent=345"}],"curies":[{"name":"wp","href":"https:\/\/api.w.org\/{rel}","templated":true}]}}